{"id":11388,"date":"2026-04-12T18:15:17","date_gmt":"2026-04-12T18:15:17","guid":{"rendered":"https:\/\/www.imperatricebijoux.com\/?post_type=product&#038;p=11388"},"modified":"2026-05-05T16:16:52","modified_gmt":"2026-05-05T16:16:52","slug":"anello-delice-3","status":"publish","type":"product","link":"https:\/\/www.imperatricebijoux.com\/?product=anello-delice-3","title":{"rendered":"Anello D\u00e9lice"},"content":{"rendered":"<p>L&#8217;anello &#8220;D\u00e9lice&#8221; \u00e8 stato realizzato nel mio atelier con un pregiato autentico cristallo di Swarovski\u00ae 12 mm nella delicata tonalit\u00e0 <em>pacific opal.<\/em><\/p>\n<p>La base \u00e8 interamente in argento 925 placcato oro giallo ed \u00e8 regolabile.<\/p>\n","protected":false},"excerpt":{"rendered":"<p>Cristallo pacific opal<\/p>\n","protected":false},"featured_media":10869,"comment_status":"open","ping_status":"closed","template":"","meta":{"_uag_custom_page_level_css":"","site-sidebar-layout":"default","site-content-layout":"","ast-site-content-layout":"default","site-content-style":"default","site-sidebar-style":"default","ast-global-header-display":"","ast-banner-title-visibility":"","ast-main-header-display":"","ast-hfb-above-header-display":"","ast-hfb-below-header-display":"","ast-hfb-mobile-header-display":"","site-post-title":"","ast-breadcrumbs-content":"","ast-featured-img":"","footer-sml-layout":"","ast-disable-related-posts":"","theme-transparent-header-meta":"default","adv-header-id-meta":"","stick-header-meta":"default","header-above-stick-meta":"","header-main-stick-meta":"","header-below-stick-meta":"","astra-migrate-meta-layouts":"set","ast-page-background-enabled":"default","ast-page-background-meta":{"desktop":{"background-color":"var(--ast-global-color-4)","background-image":"","background-repeat":"repeat","background-position":"center center","background-size":"auto","background-attachment":"scroll","background-type":"","background-media":"","overlay-type":"","overlay-color":"","overlay-opacity":"","overlay-gradient":""},"tablet":{"background-color":"","background-image":"","background-repeat":"repeat","background-position":"center center","background-size":"auto","background-attachment":"scroll","background-type":"","background-media":"","overlay-type":"","overlay-color":"","overlay-opacity":"","overlay-gradient":""},"mobile":{"background-color":"","background-image":"","background-repeat":"repeat","background-position":"center center","background-size":"auto","background-attachment":"scroll","background-type":"","background-media":"","overlay-type":"","overlay-color":"","overlay-opacity":"","overlay-gradient":""}},"ast-content-background-meta":{"desktop":{"background-color":"var(--ast-global-color-5)","background-image":"","background-repeat":"repeat","background-position":"center center","background-size":"auto","background-attachment":"scroll","background-type":"","background-media":"","overlay-type":"","overlay-color":"","overlay-opacity":"","overlay-gradient":""},"tablet":{"background-color":"var(--ast-global-color-5)","background-image":"","background-repeat":"repeat","background-position":"center center","background-size":"auto","background-attachment":"scroll","background-type":"","background-media":"","overlay-type":"","overlay-color":"","overlay-opacity":"","overlay-gradient":""},"mobile":{"background-color":"var(--ast-global-color-5)","background-image":"","background-repeat":"repeat","background-position":"center center","background-size":"auto","background-attachment":"scroll","background-type":"","background-media":"","overlay-type":"","overlay-color":"","overlay-opacity":"","overlay-gradient":""}}},"product_brand":[],"product_cat":[54],"product_tag":[81,79,163],"class_list":{"0":"post-11388","1":"product","2":"type-product","3":"status-publish","4":"has-post-thumbnail","6":"product_cat-anelli","7":"product_tag-anello-regolabile","8":"product_tag-argento-925","9":"product_tag-fatto-a-mano","10":"desktop-align-center","11":"tablet-align-center","12":"mobile-align-center","13":"ast-product-gallery-layout-horizontal-slider","14":"ast-magnify-disabled","15":"ast-product-tabs-layout-horizontal","17":"first","18":"instock","19":"taxable","20":"shipping-taxable","21":"purchasable","22":"product-type-simple"},"uagb_featured_image_src":{"full":["https:\/\/www.imperatricebijoux.com\/wp-content\/uploads\/2026\/04\/anello-delice-pacific-opal-principale.jpg",1558,1558,false],"thumbnail":["https:\/\/www.imperatricebijoux.com\/wp-content\/uploads\/2026\/04\/anello-delice-pacific-opal-principale-600x600.jpg",600,600,true],"medium":["https:\/\/www.imperatricebijoux.com\/wp-content\/uploads\/2026\/04\/anello-delice-pacific-opal-principale-900x900.jpg",900,900,true],"medium_large":["https:\/\/www.imperatricebijoux.com\/wp-content\/uploads\/2026\/04\/anello-delice-pacific-opal-principale-768x768.jpg",768,768,true],"large":["https:\/\/www.imperatricebijoux.com\/wp-content\/uploads\/2026\/04\/anello-delice-pacific-opal-principale-1500x1500.jpg",1500,1500,true],"1536x1536":["https:\/\/www.imperatricebijoux.com\/wp-content\/uploads\/2026\/04\/anello-delice-pacific-opal-principale-1536x1536.jpg",1536,1536,true],"2048x2048":["https:\/\/www.imperatricebijoux.com\/wp-content\/uploads\/2026\/04\/anello-delice-pacific-opal-principale.jpg",1558,1558,false],"woocommerce_thumbnail":["https:\/\/www.imperatricebijoux.com\/wp-content\/uploads\/2026\/04\/anello-delice-pacific-opal-principale-900x900.jpg",900,900,true],"woocommerce_single":["https:\/\/www.imperatricebijoux.com\/wp-content\/uploads\/2026\/04\/anello-delice-pacific-opal-principale-1500x1500.jpg",1500,1500,true],"woocommerce_gallery_thumbnail":["https:\/\/www.imperatricebijoux.com\/wp-content\/uploads\/2026\/04\/anello-delice-pacific-opal-principale-100x100.jpg",100,100,true]},"uagb_author_info":{"display_name":"Svetlana","author_link":"https:\/\/www.imperatricebijoux.com\/?author=0"},"uagb_comment_info":0,"uagb_excerpt":"Cristallo pacific opal","_links":{"self":[{"href":"https:\/\/www.imperatricebijoux.com\/index.php?rest_route=\/wp\/v2\/product\/11388","targetHints":{"allow":["GET"]}}],"collection":[{"href":"https:\/\/www.imperatricebijoux.com\/index.php?rest_route=\/wp\/v2\/product"}],"about":[{"href":"https:\/\/www.imperatricebijoux.com\/index.php?rest_route=\/wp\/v2\/types\/product"}],"replies":[{"embeddable":true,"href":"https:\/\/www.imperatricebijoux.com\/index.php?rest_route=%2Fwp%2Fv2%2Fcomments&post=11388"}],"version-history":[{"count":1,"href":"https:\/\/www.imperatricebijoux.com\/index.php?rest_route=\/wp\/v2\/product\/11388\/revisions"}],"predecessor-version":[{"id":11389,"href":"https:\/\/www.imperatricebijoux.com\/index.php?rest_route=\/wp\/v2\/product\/11388\/revisions\/11389"}],"wp:featuredmedia":[{"embeddable":true,"href":"https:\/\/www.imperatricebijoux.com\/index.php?rest_route=\/wp\/v2\/media\/10869"}],"wp:attachment":[{"href":"https:\/\/www.imperatricebijoux.com\/index.php?rest_route=%2Fwp%2Fv2%2Fmedia&parent=11388"}],"wp:term":[{"taxonomy":"product_brand","embeddable":true,"href":"https:\/\/www.imperatricebijoux.com\/index.php?rest_route=%2Fwp%2Fv2%2Fproduct_brand&post=11388"},{"taxonomy":"product_cat","embeddable":true,"href":"https:\/\/www.imperatricebijoux.com\/index.php?rest_route=%2Fwp%2Fv2%2Fproduct_cat&post=11388"},{"taxonomy":"product_tag","embeddable":true,"href":"https:\/\/www.imperatricebijoux.com\/index.php?rest_route=%2Fwp%2Fv2%2Fproduct_tag&post=11388"}],"curies":[{"name":"wp","href":"https:\/\/api.w.org\/{rel}","templated":true}]}}