{"id":14,"date":"2026-01-18T10:29:44","date_gmt":"2026-01-18T10:29:44","guid":{"rendered":"https:\/\/www.imperatricebijoux.com\/about\/"},"modified":"2026-05-04T15:28:48","modified_gmt":"2026-05-04T15:28:48","slug":"about","status":"publish","type":"page","link":"https:\/\/www.imperatricebijoux.com\/?page_id=14","title":{"rendered":"Chi sono"},"content":{"rendered":"\t\t<div data-elementor-type=\"wp-page\" data-elementor-id=\"14\" class=\"elementor elementor-14\" data-elementor-post-type=\"page\">\n\t\t\t\t<div class=\"elementor-element elementor-element-a23e0a2 e-flex e-con-boxed e-con e-parent\" data-id=\"a23e0a2\" data-element_type=\"container\" data-e-type=\"container\" data-settings=\"{&quot;background_background&quot;:&quot;classic&quot;}\">\n\t\t\t\t\t<div class=\"e-con-inner\">\n\t\t\t\t<div class=\"elementor-element elementor-element-fedb885 elementor-widget elementor-widget-heading\" data-id=\"fedb885\" data-element_type=\"widget\" data-e-type=\"widget\" data-widget_type=\"heading.default\">\n\t\t\t\t<div class=\"elementor-widget-container\">\n\t\t\t\t\t<h1 class=\"elementor-heading-title elementor-size-default\">benvenuti nel mio atelier bijoux <\/h1>\t\t\t\t<\/div>\n\t\t\t\t<\/div>\n\t\t\t\t\t<\/div>\n\t\t\t\t<\/div>\n\t\t<div class=\"elementor-element elementor-element-c54951d e-flex e-con-boxed e-con e-parent\" data-id=\"c54951d\" data-element_type=\"container\" data-e-type=\"container\" data-settings=\"{&quot;background_background&quot;:&quot;classic&quot;}\">\n\t\t\t\t\t<div class=\"e-con-inner\">\n\t\t\t\t<div class=\"elementor-element elementor-element-c7adef8 elementor-widget elementor-widget-heading\" data-id=\"c7adef8\" data-element_type=\"widget\" data-e-type=\"widget\" data-widget_type=\"heading.default\">\n\t\t\t\t<div class=\"elementor-widget-container\">\n\t\t\t\t\t<h2 class=\"elementor-heading-title elementor-size-default\">\u2661<\/h2>\t\t\t\t<\/div>\n\t\t\t\t<\/div>\n\t\t\t\t\t<\/div>\n\t\t\t\t<\/div>\n\t\t<div class=\"elementor-element elementor-element-597a302 e-con-full e-flex e-con e-parent\" data-id=\"597a302\" data-element_type=\"container\" data-e-type=\"container\" data-settings=\"{&quot;background_background&quot;:&quot;classic&quot;}\">\n\t\t\t\t<div class=\"elementor-element elementor-element-e2de23d elementor-widget elementor-widget-text-editor\" data-id=\"e2de23d\" data-element_type=\"widget\" data-e-type=\"widget\" data-widget_type=\"text-editor.default\">\n\t\t\t\t<div class=\"elementor-widget-container\">\n\t\t\t\t\t\t\t\t\t<p>&#8220;Ogni giorno \u00e8 un probabile inizio di qualcosa di straordinario,<br \/>magico ed unico, come i miei gioielli, <span style=\"font-style: inherit; font-weight: inherit; background-color: transparent;\">in cui c&#8217;\u00e8 anche una parte di me&#8221;.<\/span><\/p>\t\t\t\t\t\t\t\t<\/div>\n\t\t\t\t<\/div>\n\t\t\t\t<\/div>\n\t\t<div class=\"elementor-element elementor-element-cfa1982 e-flex e-con-boxed e-con e-parent\" data-id=\"cfa1982\" data-element_type=\"container\" data-e-type=\"container\">\n\t\t\t\t\t<div class=\"e-con-inner\">\n\t\t\t\t<div class=\"elementor-element elementor-element-75afc55 elementor-widget elementor-widget-image\" data-id=\"75afc55\" data-element_type=\"widget\" data-e-type=\"widget\" data-widget_type=\"image.default\">\n\t\t\t\t<div class=\"elementor-widget-container\">\n\t\t\t\t\t\t\t\t\t\t\t\t\t\t\t<img fetchpriority=\"high\" decoding=\"async\" width=\"1125\" height=\"1074\" src=\"https:\/\/www.imperatricebijoux.com\/wp-content\/uploads\/2026\/01\/about-me.jpeg\" class=\"attachment-full size-full wp-image-4364\" alt=\"\" srcset=\"https:\/\/www.imperatricebijoux.com\/wp-content\/uploads\/2026\/01\/about-me.jpeg 1125w, https:\/\/www.imperatricebijoux.com\/wp-content\/uploads\/2026\/01\/about-me-900x859.jpeg 900w, https:\/\/www.imperatricebijoux.com\/wp-content\/uploads\/2026\/01\/about-me-768x733.jpeg 768w, https:\/\/www.imperatricebijoux.com\/wp-content\/uploads\/2026\/01\/about-me-1000x955.jpeg 1000w, https:\/\/www.imperatricebijoux.com\/wp-content\/uploads\/2026\/01\/about-me-500x477.jpeg 500w\" sizes=\"(max-width: 1125px) 100vw, 1125px\" \/>\t\t\t\t\t\t\t\t\t\t\t\t\t\t\t<\/div>\n\t\t\t\t<\/div>\n\t\t\t\t\t<\/div>\n\t\t\t\t<\/div>\n\t\t\t\t<section class=\"elementor-section elementor-top-section elementor-element elementor-element-t1vtqlo elementor-section-content-middle elementor-section-boxed elementor-section-height-default elementor-section-height-default\" data-id=\"t1vtqlo\" data-element_type=\"section\" data-e-type=\"section\" data-settings=\"{&quot;background_background&quot;:&quot;classic&quot;}\">\n\t\t\t\t\t\t<div class=\"elementor-container elementor-column-gap-no\">\n\t\t\t\t\t<div class=\"elementor-column elementor-col-100 elementor-top-column elementor-element elementor-element-258231d\" data-id=\"258231d\" data-element_type=\"column\" data-e-type=\"column\">\n\t\t\t<div class=\"elementor-widget-wrap elementor-element-populated\">\n\t\t\t\t\t\t<div class=\"elementor-element elementor-element-1401102 elementor-widget elementor-widget-heading\" data-id=\"1401102\" data-element_type=\"widget\" data-e-type=\"widget\" data-widget_type=\"heading.default\">\n\t\t\t\t<div class=\"elementor-widget-container\">\n\t\t\t\t\t<h2 class=\"elementor-heading-title elementor-size-default\">la mia storia: dal sogno alla realt\u00e0<\/h2>\t\t\t\t<\/div>\n\t\t\t\t<\/div>\n\t\t\t\t<div class=\"elementor-element elementor-element-4f6265e elementor-widget elementor-widget-text-editor\" data-id=\"4f6265e\" data-element_type=\"widget\" data-e-type=\"widget\" data-widget_type=\"text-editor.default\">\n\t\t\t\t<div class=\"elementor-widget-container\">\n\t\t\t\t\t\t\t\t\t<p>Sono Svetlana, la fondatrice di \u201cImp\u00e9ratrice Atelier Bijoux\u201d,<br \/>un brand di gioielli nato nel 2019 dalla mia passione per l&#8217;artigianato.<\/p><p>Da piccola, ero affascinata dal lavoro di mia nonna con ferri e uncinetto.<br \/>Da lei ho imparato la creativit\u00e0 e la dedizione, due valori che porto ancora nel mio cuore.<\/p><p>Dopo gli studi di lingue straniere, mi sono stabilita in Italia, dove risiedo fino ad oggi.<\/p><p>Anni dopo, per pura curiosit\u00e0, ho ripreso a creare gioielli.<br \/>Il mio primo paio di orecchini, semplici nappine turchesi,<br \/>sono state apprezzate da un\u2019amica e hanno dato il via a tutto!<\/p><p><span style=\"font-style: inherit; font-weight: inherit; letter-spacing: 0px;\">Da hobby, la creazione di gioielli \u00e8 diventata la mia attivit\u00e0 principale.<br \/><\/span>Ho imparato diverse tecniche: la tessitura di perline e cristalli, l\u2019incastonatura e la realizzazione<br \/>di gioielli di perle con nodini.<br \/>Una delle mie tecniche preferite \u00e8 il \u201cnodo orefice\u201d.<\/p><p>Nelle mie creazioni, amo la semplicit\u00e0: linee pulite e chiare<br \/>che danno un tocco di classe e raffinatezza senza tempo.<\/p><p>Utilizzo materiali di alta qualit\u00e0:\u00a0 l\u2019argento 925, pregiati autentici cristalli e perle di Swarovski\u00ae,<br \/>eccellenti ed unici al mondo per la loro luminosit\u00e0.<\/p><p>Mi piace curare anche l\u2019estetica del packaging:\u00a0<br \/>inserisco personalmente i vostri gioielli in un elegante astuccio<br \/>firmato &#8220;Imp\u00e9ratrice Atelier Bijoux&#8221;, corredato da un panno protettivo,<br \/>per regalarvi un\u2019esperienza unica quando aprite la box contenente i vostri gioielli.<\/p>\t\t\t\t\t\t\t\t<\/div>\n\t\t\t\t<\/div>\n\t\t\t\t\t<\/div>\n\t\t<\/div>\n\t\t\t\t\t<\/div>\n\t\t<\/section>\n\t\t<div class=\"elementor-element elementor-element-70222fb e-flex e-con-boxed e-con e-parent\" data-id=\"70222fb\" data-element_type=\"container\" data-e-type=\"container\">\n\t\t\t\t\t<div class=\"e-con-inner\">\n\t\t\t\t<div class=\"elementor-element elementor-element-b5e4831 elementor-widget elementor-widget-text-editor\" data-id=\"b5e4831\" data-element_type=\"widget\" data-e-type=\"widget\" data-widget_type=\"text-editor.default\">\n\t\t\t\t<div class=\"elementor-widget-container\">\n\t\t\t\t\t\t\t\t\t<p>\u2661<\/p>\t\t\t\t\t\t\t\t<\/div>\n\t\t\t\t<\/div>\n\t\t\t\t\t<\/div>\n\t\t\t\t<\/div>\n\t\t<div class=\"elementor-element elementor-element-a1193c0 e-con-full e-flex e-con e-parent\" data-id=\"a1193c0\" data-element_type=\"container\" data-e-type=\"container\" data-settings=\"{&quot;background_background&quot;:&quot;classic&quot;}\">\n\t\t\t\t<div class=\"elementor-element elementor-element-c3a1339 elementor-widget elementor-widget-text-editor\" data-id=\"c3a1339\" data-element_type=\"widget\" data-e-type=\"widget\" data-widget_type=\"text-editor.default\">\n\t\t\t\t<div class=\"elementor-widget-container\">\n\t\t\t\t\t\t\t\t\t<p>Il mio piccolo angolo creativo, che chiamo affettuosamente \u201catelier\u201d,<br \/>\u00e8 il luogo dove creo bellezza e luce, <em>all\u2019infinito<\/em>\u2026<\/p>\t\t\t\t\t\t\t\t<\/div>\n\t\t\t\t<\/div>\n\t\t\t\t<\/div>\n\t\t<div class=\"elementor-element elementor-element-e15abf8 e-flex e-con-boxed e-con e-parent\" data-id=\"e15abf8\" data-element_type=\"container\" data-e-type=\"container\" data-settings=\"{&quot;background_background&quot;:&quot;classic&quot;}\">\n\t\t\t\t\t<div class=\"e-con-inner\">\n\t\t\t\t<div class=\"elementor-element elementor-element-5db1de2 elementor-widget elementor-widget-gallery\" data-id=\"5db1de2\" data-element_type=\"widget\" data-e-type=\"widget\" data-settings=\"{&quot;columns&quot;:3,&quot;columns_tablet&quot;:3,&quot;gap&quot;:{&quot;unit&quot;:&quot;px&quot;,&quot;size&quot;:30,&quot;sizes&quot;:[]},&quot;gap_tablet&quot;:{&quot;unit&quot;:&quot;px&quot;,&quot;size&quot;:30,&quot;sizes&quot;:[]},&quot;gap_mobile&quot;:{&quot;unit&quot;:&quot;px&quot;,&quot;size&quot;:30,&quot;sizes&quot;:[]},&quot;aspect_ratio&quot;:&quot;1:1&quot;,&quot;lazyload&quot;:&quot;yes&quot;,&quot;gallery_layout&quot;:&quot;grid&quot;,&quot;columns_mobile&quot;:1,&quot;link_to&quot;:&quot;file&quot;,&quot;overlay_background&quot;:&quot;yes&quot;,&quot;content_hover_animation&quot;:&quot;fade-in&quot;}\" data-widget_type=\"gallery.default\">\n\t\t\t\t<div class=\"elementor-widget-container\">\n\t\t\t\t\t\t\t<div class=\"elementor-gallery__container\">\n\t\t\t\t\t\t\t<a class=\"e-gallery-item elementor-gallery-item elementor-animated-content\" href=\"https:\/\/www.imperatricebijoux.com\/wp-content\/uploads\/2026\/04\/Bracciale-perle-oro-rosa-degrade.jpg\" data-elementor-open-lightbox=\"yes\" data-elementor-lightbox-slideshow=\"5db1de2\" data-elementor-lightbox-title=\"Bracciale perle oro rosa degrad\u00e9\" data-e-action-hash=\"#elementor-action%3Aaction%3Dlightbox%26settings%3DeyJpZCI6MTEzMTQsInVybCI6Imh0dHBzOlwvXC93d3cuaW1wZXJhdHJpY2ViaWpvdXguY29tXC93cC1jb250ZW50XC91cGxvYWRzXC8yMDI2XC8wNFwvQnJhY2NpYWxlLXBlcmxlLW9yby1yb3NhLWRlZ3JhZGUuanBnIiwic2xpZGVzaG93IjoiNWRiMWRlMiJ9\">\n\t\t\t\t\t<div class=\"e-gallery-image elementor-gallery-item__image\" data-thumbnail=\"https:\/\/www.imperatricebijoux.com\/wp-content\/uploads\/2026\/04\/Bracciale-perle-oro-rosa-degrade.jpg\" data-width=\"2304\" data-height=\"2304\" aria-label=\"\" role=\"img\" ><\/div>\n\t\t\t\t\t\t\t\t\t\t\t<div class=\"elementor-gallery-item__overlay\"><\/div>\n\t\t\t\t\t\t\t\t\t\t\t\t\t\t<\/a>\n\t\t\t\t\t\t\t<a class=\"e-gallery-item elementor-gallery-item elementor-animated-content\" href=\"https:\/\/www.imperatricebijoux.com\/wp-content\/uploads\/2026\/04\/Orecchini-Goutte-Royale-rosa-shimmer.jpg\" data-elementor-open-lightbox=\"yes\" data-elementor-lightbox-slideshow=\"5db1de2\" data-elementor-lightbox-title=\"Orecchini Goutte Royale vintage rose shimmer\" data-e-action-hash=\"#elementor-action%3Aaction%3Dlightbox%26settings%3DeyJpZCI6MTEzMTYsInVybCI6Imh0dHBzOlwvXC93d3cuaW1wZXJhdHJpY2ViaWpvdXguY29tXC93cC1jb250ZW50XC91cGxvYWRzXC8yMDI2XC8wNFwvT3JlY2NoaW5pLUdvdXR0ZS1Sb3lhbGUtcm9zYS1zaGltbWVyLmpwZyIsInNsaWRlc2hvdyI6IjVkYjFkZTIifQ%3D%3D\">\n\t\t\t\t\t<div class=\"e-gallery-image elementor-gallery-item__image\" data-thumbnail=\"https:\/\/www.imperatricebijoux.com\/wp-content\/uploads\/2026\/04\/Orecchini-Goutte-Royale-rosa-shimmer.jpg\" data-width=\"1667\" data-height=\"1667\" aria-label=\"\" role=\"img\" ><\/div>\n\t\t\t\t\t\t\t\t\t\t\t<div class=\"elementor-gallery-item__overlay\"><\/div>\n\t\t\t\t\t\t\t\t\t\t\t\t\t\t<\/a>\n\t\t\t\t\t\t\t<a class=\"e-gallery-item elementor-gallery-item elementor-animated-content\" href=\"https:\/\/www.imperatricebijoux.com\/wp-content\/uploads\/2026\/04\/Bracciale-Renaissance-vintage-rose.jpg\" data-elementor-open-lightbox=\"yes\" data-elementor-lightbox-slideshow=\"5db1de2\" data-elementor-lightbox-title=\"Bracciale Renaissance vintage rose\" data-e-action-hash=\"#elementor-action%3Aaction%3Dlightbox%26settings%3DeyJpZCI6MTEzMTUsInVybCI6Imh0dHBzOlwvXC93d3cuaW1wZXJhdHJpY2ViaWpvdXguY29tXC93cC1jb250ZW50XC91cGxvYWRzXC8yMDI2XC8wNFwvQnJhY2NpYWxlLVJlbmFpc3NhbmNlLXZpbnRhZ2Utcm9zZS5qcGciLCJzbGlkZXNob3ciOiI1ZGIxZGUyIn0%3D\">\n\t\t\t\t\t<div class=\"e-gallery-image elementor-gallery-item__image\" data-thumbnail=\"https:\/\/www.imperatricebijoux.com\/wp-content\/uploads\/2026\/04\/Bracciale-Renaissance-vintage-rose.jpg\" data-width=\"2246\" data-height=\"2242\" aria-label=\"\" role=\"img\" ><\/div>\n\t\t\t\t\t\t\t\t\t\t\t<div class=\"elementor-gallery-item__overlay\"><\/div>\n\t\t\t\t\t\t\t\t\t\t\t\t\t\t<\/a>\n\t\t\t\t\t<\/div>\n\t\t\t\t\t<\/div>\n\t\t\t\t<\/div>\n\t\t\t\t\t<\/div>\n\t\t\t\t<\/div>\n\t\t<div class=\"elementor-element elementor-element-500861b e-flex e-con-boxed e-con e-parent\" data-id=\"500861b\" data-element_type=\"container\" data-e-type=\"container\" data-settings=\"{&quot;background_background&quot;:&quot;classic&quot;}\">\n\t\t\t\t\t<div class=\"e-con-inner\">\n\t\t<div class=\"elementor-element elementor-element-7dbc6fb e-con-full e-flex e-con e-child\" data-id=\"7dbc6fb\" data-element_type=\"container\" data-e-type=\"container\">\n\t\t<div class=\"elementor-element elementor-element-51b695b e-con-full e-flex e-con e-child\" data-id=\"51b695b\" data-element_type=\"container\" data-e-type=\"container\">\n\t\t<div class=\"elementor-element elementor-element-bda37a0 e-flex e-con-boxed e-con e-child\" data-id=\"bda37a0\" data-element_type=\"container\" data-e-type=\"container\">\n\t\t\t\t\t<div class=\"e-con-inner\">\n\t\t\t\t<div class=\"elementor-element elementor-element-8cd1a1b elementor-view-default elementor-position-block-start elementor-mobile-position-block-start elementor-widget elementor-widget-icon-box\" data-id=\"8cd1a1b\" data-element_type=\"widget\" data-e-type=\"widget\" data-widget_type=\"icon-box.default\">\n\t\t\t\t<div class=\"elementor-widget-container\">\n\t\t\t\t\t\t\t<div class=\"elementor-icon-box-wrapper\">\n\n\t\t\t\t\t\t<div class=\"elementor-icon-box-icon\">\n\t\t\t\t<span  class=\"elementor-icon\">\n\t\t\t\t<svg xmlns=\"http:\/\/www.w3.org\/2000\/svg\" width=\"24\" height=\"24\" viewBox=\"0 0 24 24\" fill=\"none\" stroke=\"currentColor\" stroke-width=\"1\" stroke-linecap=\"round\" stroke-linejoin=\"round\" class=\"lucide lucide-hand-heart-icon lucide-hand-heart\"><path d=\"M11 14h2a2 2 0 0 0 0-4h-3c-.6 0-1.1.2-1.4.6L3 16\"><\/path><path d=\"m14.45 13.39 5.05-4.694C20.196 8 21 6.85 21 5.75a2.75 2.75 0 0 0-4.797-1.837.276.276 0 0 1-.406 0A2.75 2.75 0 0 0 11 5.75c0 1.2.802 2.248 1.5 2.946L16 11.95\"><\/path><path d=\"m2 15 6 6\"><\/path><path d=\"m7 20 1.6-1.4c.3-.4.8-.6 1.4-.6h4c1.1 0 2.1-.4 2.8-1.2l4.6-4.4a1 1 0 0 0-2.75-2.91\"><\/path><\/svg>\t\t\t\t<\/span>\n\t\t\t<\/div>\n\t\t\t\n\t\t\t\n\t\t<\/div>\n\t\t\t\t\t\t<\/div>\n\t\t\t\t<\/div>\n\t\t\t\t<div class=\"elementor-element elementor-element-1078e9d elementor-widget elementor-widget-hfe-infocard\" data-id=\"1078e9d\" data-element_type=\"widget\" data-e-type=\"widget\" data-widget_type=\"hfe-infocard.default\">\n\t\t\t\t<div class=\"elementor-widget-container\">\n\t\t\t\t\t\n\t\t<div class=\"hfe-infocard\">\n\t\t\t\t\t\t\t\t\t<div class=\"hfe-infocard-title-wrap\">\n\t\t\t\t<h3 class=\"hfe-infocard-title elementor-inline-editing\" data-elementor-setting-key=\"infocard_title\" data-elementor-inline-editing-toolbar=\"basic\" ><br>LA MIA MISSIONE<\/h3>\t\t\t<\/div>\n\t\t\t\t\t\t<div class=\"hfe-infocard-text-wrap\">\n\t\t\t\t<div class=\"hfe-infocard-text elementor-inline-editing\" data-elementor-setting-key=\"infocard_description\" data-elementor-inline-editing-toolbar=\"advanced\">\n\t\t\t\t\tCome piccola realt\u00e0 artigianale, <br> mi impegno quotidianamente a soddisfare<br>ogni vostra aspettativa.\t\t\t\t<\/div>\n\t\t\t\t\t\t\t<\/div>\n\t\t<\/div>\n\n\t\t\t\t\t\t<\/div>\n\t\t\t\t<\/div>\n\t\t\t\t\t<\/div>\n\t\t\t\t<\/div>\n\t\t<div class=\"elementor-element elementor-element-8c3d36e e-flex e-con-boxed e-con e-child\" data-id=\"8c3d36e\" data-element_type=\"container\" data-e-type=\"container\">\n\t\t\t\t\t<div class=\"e-con-inner\">\n\t\t\t\t<div class=\"elementor-element elementor-element-d7d0207 elementor-view-default elementor-position-block-start elementor-mobile-position-block-start elementor-widget elementor-widget-icon-box\" data-id=\"d7d0207\" data-element_type=\"widget\" data-e-type=\"widget\" data-widget_type=\"icon-box.default\">\n\t\t\t\t<div class=\"elementor-widget-container\">\n\t\t\t\t\t\t\t<div class=\"elementor-icon-box-wrapper\">\n\n\t\t\t\t\t\t<div class=\"elementor-icon-box-icon\">\n\t\t\t\t<span  class=\"elementor-icon\">\n\t\t\t\t<svg xmlns=\"http:\/\/www.w3.org\/2000\/svg\" width=\"24\" height=\"24\" viewBox=\"0 0 24 24\" fill=\"none\" stroke=\"currentColor\" stroke-width=\"1\" stroke-linecap=\"round\" stroke-linejoin=\"round\" class=\"lucide lucide-flower-icon lucide-flower\"><circle cx=\"12\" cy=\"12\" r=\"3\"><\/circle><path d=\"M12 16.5A4.5 4.5 0 1 1 7.5 12 4.5 4.5 0 1 1 12 7.5a4.5 4.5 0 1 1 4.5 4.5 4.5 4.5 0 1 1-4.5 4.5\"><\/path><path d=\"M12 7.5V9\"><\/path><path d=\"M7.5 12H9\"><\/path><path d=\"M16.5 12H15\"><\/path><path d=\"M12 16.5V15\"><\/path><path d=\"m8 8 1.88 1.88\"><\/path><path d=\"M14.12 9.88 16 8\"><\/path><path d=\"m8 16 1.88-1.88\"><\/path><path d=\"M14.12 14.12 16 16\"><\/path><\/svg>\t\t\t\t<\/span>\n\t\t\t<\/div>\n\t\t\t\n\t\t\t\n\t\t<\/div>\n\t\t\t\t\t\t<\/div>\n\t\t\t\t<\/div>\n\t\t\t\t<div class=\"elementor-element elementor-element-dc17847 elementor-widget elementor-widget-hfe-infocard\" data-id=\"dc17847\" data-element_type=\"widget\" data-e-type=\"widget\" data-widget_type=\"hfe-infocard.default\">\n\t\t\t\t<div class=\"elementor-widget-container\">\n\t\t\t\t\t\n\t\t<div class=\"hfe-infocard\">\n\t\t\t\t\t\t\t\t\t<div class=\"hfe-infocard-title-wrap\">\n\t\t\t\t<h3 class=\"hfe-infocard-title elementor-inline-editing\" data-elementor-setting-key=\"infocard_title\" data-elementor-inline-editing-toolbar=\"basic\" ><br>I MIEI VALORI<\/h3>\t\t\t<\/div>\n\t\t\t\t\t\t<div class=\"hfe-infocard-text-wrap\">\n\t\t\t\t<div class=\"hfe-infocard-text elementor-inline-editing\" data-elementor-setting-key=\"infocard_description\" data-elementor-inline-editing-toolbar=\"advanced\">\n\t\t\t\t\tCredo nella bellezza dei piccoli dettagli,<br>visibili a chi ha un occhio attento<br>e una sensibilit\u00e0 particolare.\t\t\t\t<\/div>\n\t\t\t\t\t\t\t<\/div>\n\t\t<\/div>\n\n\t\t\t\t\t\t<\/div>\n\t\t\t\t<\/div>\n\t\t\t\t\t<\/div>\n\t\t\t\t<\/div>\n\t\t\t\t<\/div>\n\t\t\t\t<\/div>\n\t\t\t\t\t<\/div>\n\t\t\t\t<\/div>\n\t\t<div class=\"elementor-element elementor-element-79d93eb e-flex e-con-boxed e-con e-parent\" data-id=\"79d93eb\" data-element_type=\"container\" data-e-type=\"container\">\n\t\t\t\t\t<div class=\"e-con-inner\">\n\t\t\t\t<div class=\"elementor-element elementor-element-c856952 elementor-align-center elementor-widget elementor-widget-button\" data-id=\"c856952\" data-element_type=\"widget\" data-e-type=\"widget\" data-widget_type=\"button.default\">\n\t\t\t\t<div class=\"elementor-widget-container\">\n\t\t\t\t\t\t\t\t\t<div class=\"elementor-button-wrapper\">\n\t\t\t\t\t<a class=\"elementor-button elementor-button-link elementor-size-sm\" href=\"https:\/\/www.imperatricebijoux.com\/?post_type=product\">\n\t\t\t\t\t\t<span class=\"elementor-button-content-wrapper\">\n\t\t\t\t\t\t\t\t\t<span class=\"elementor-button-text\">scopri la collezione <\/span>\n\t\t\t\t\t<\/span>\n\t\t\t\t\t<\/a>\n\t\t\t\t<\/div>\n\t\t\t\t\t\t\t\t<\/div>\n\t\t\t\t<\/div>\n\t\t\t\t\t<\/div>\n\t\t\t\t<\/div>\n\t\t<div class=\"elementor-element elementor-element-3c48f12 e-flex e-con-boxed e-con e-parent\" data-id=\"3c48f12\" data-element_type=\"container\" data-e-type=\"container\">\n\t\t\t\t\t<div class=\"e-con-inner\">\n\t\t\t\t\t<\/div>\n\t\t\t\t<\/div>\n\t\t\t\t<\/div>\n\t\t","protected":false},"excerpt":{"rendered":"<p>benvenuti nel mio atelier bijoux \u2661 &#8220;Ogni giorno \u00e8 un probabile inizio di qualcosa di straordinario,magico ed unico, come i miei gioielli, in cui c&#8217;\u00e8 anche una parte di me&#8221;. la mia storia: dal sogno alla realt\u00e0 Sono Svetlana, la fondatrice di \u201cImp\u00e9ratrice Atelier Bijoux\u201d,un brand di gioielli nato nel 2019 dalla mia passione per [&hellip;]<\/p>\n","protected":false},"author":2,"featured_media":0,"parent":0,"menu_order":0,"comment_status":"closed","ping_status":"closed","template":"elementor_theme","meta":{"_uag_custom_page_level_css":"","site-sidebar-layout":"no-sidebar","site-content-layout":"page-builder","ast-site-content-layout":"full-width-container","site-content-style":"unboxed","site-sidebar-style":"unboxed","ast-global-header-display":"","ast-banner-title-visibility":"","ast-main-header-display":"","ast-hfb-above-header-display":"","ast-hfb-below-header-display":"","ast-hfb-mobile-header-display":"","site-post-title":"disabled","ast-breadcrumbs-content":"","ast-featured-img":"disabled","footer-sml-layout":"","ast-disable-related-posts":"","theme-transparent-header-meta":"disabled","adv-header-id-meta":"","stick-header-meta":"enabled","header-above-stick-meta":"disabled","header-main-stick-meta":"disabled","header-below-stick-meta":"","astra-migrate-meta-layouts":"set","ast-page-background-enabled":"default","ast-page-background-meta":{"desktop":{"background-color":"var(--ast-global-color-4)","background-image":"","background-repeat":"repeat","background-position":"center center","background-size":"auto","background-attachment":"scroll","background-type":"","background-media":"","overlay-type":"","overlay-color":"","overlay-opacity":"","overlay-gradient":""},"tablet":{"background-color":"","background-image":"","background-repeat":"repeat","background-position":"center center","background-size":"auto","background-attachment":"scroll","background-type":"","background-media":"","overlay-type":"","overlay-color":"","overlay-opacity":"","overlay-gradient":""},"mobile":{"background-color":"","background-image":"","background-repeat":"repeat","background-position":"center center","background-size":"auto","background-attachment":"scroll","background-type":"","background-media":"","overlay-type":"","overlay-color":"","overlay-opacity":"","overlay-gradient":""}},"ast-content-background-meta":{"desktop":{"background-color":"var(--ast-global-color-5)","background-image":"","background-repeat":"repeat","background-position":"center center","background-size":"auto","background-attachment":"scroll","background-type":"","background-media":"","overlay-type":"","overlay-color":"","overlay-opacity":"","overlay-gradient":""},"tablet":{"background-color":"var(--ast-global-color-5)","background-image":"","background-repeat":"repeat","background-position":"center center","background-size":"auto","background-attachment":"scroll","background-type":"","background-media":"","overlay-type":"","overlay-color":"","overlay-opacity":"","overlay-gradient":""},"mobile":{"background-color":"var(--ast-global-color-5)","background-image":"","background-repeat":"repeat","background-position":"center center","background-size":"auto","background-attachment":"scroll","background-type":"","background-media":"","overlay-type":"","overlay-color":"","overlay-opacity":"","overlay-gradient":""}},"footnotes":""},"class_list":["post-14","page","type-page","status-publish","hentry"],"uagb_featured_image_src":{"full":false,"thumbnail":false,"medium":false,"medium_large":false,"large":false,"1536x1536":false,"2048x2048":false,"woocommerce_thumbnail":false,"woocommerce_single":false,"woocommerce_gallery_thumbnail":false},"uagb_author_info":{"display_name":"Svetlana","author_link":"https:\/\/www.imperatricebijoux.com\/?author=2"},"uagb_comment_info":0,"uagb_excerpt":"benvenuti nel mio atelier bijoux \u2661 &#8220;Ogni giorno \u00e8 un probabile inizio di qualcosa di straordinario,magico ed unico, come i miei gioielli, in cui c&#8217;\u00e8 anche una parte di me&#8221;. la mia storia: dal sogno alla realt\u00e0 Sono Svetlana, la fondatrice di \u201cImp\u00e9ratrice Atelier Bijoux\u201d,un brand di gioielli nato nel 2019 dalla mia passione per&hellip;","_links":{"self":[{"href":"https:\/\/www.imperatricebijoux.com\/index.php?rest_route=\/wp\/v2\/pages\/14","targetHints":{"allow":["GET"]}}],"collection":[{"href":"https:\/\/www.imperatricebijoux.com\/index.php?rest_route=\/wp\/v2\/pages"}],"about":[{"href":"https:\/\/www.imperatricebijoux.com\/index.php?rest_route=\/wp\/v2\/types\/page"}],"author":[{"embeddable":true,"href":"https:\/\/www.imperatricebijoux.com\/index.php?rest_route=\/wp\/v2\/users\/2"}],"replies":[{"embeddable":true,"href":"https:\/\/www.imperatricebijoux.com\/index.php?rest_route=%2Fwp%2Fv2%2Fcomments&post=14"}],"version-history":[{"count":1181,"href":"https:\/\/www.imperatricebijoux.com\/index.php?rest_route=\/wp\/v2\/pages\/14\/revisions"}],"predecessor-version":[{"id":16075,"href":"https:\/\/www.imperatricebijoux.com\/index.php?rest_route=\/wp\/v2\/pages\/14\/revisions\/16075"}],"wp:attachment":[{"href":"https:\/\/www.imperatricebijoux.com\/index.php?rest_route=%2Fwp%2Fv2%2Fmedia&parent=14"}],"curies":[{"name":"wp","href":"https:\/\/api.w.org\/{rel}","templated":true}]}}